{"id":18603,"date":"2021-06-27T08:00:00","date_gmt":"2021-06-27T06:00:00","guid":{"rendered":"https:\/\/fiolsex.net\/wp\/?page_id=18603"},"modified":"2021-06-27T10:45:45","modified_gmt":"2021-06-27T08:45:45","slug":"vil-du-gi-din-stotte","status":"publish","type":"page","link":"https:\/\/fiolsex.net\/wp\/?page_id=18603","title":{"rendered":"Vil du gi din st\u00f8tte?"},"content":{"rendered":"\n<div class=\"wp-block-image\"><figure class=\"aligncenter size-large is-resized\"><img loading=\"lazy\" decoding=\"async\" src=\"https:\/\/fiolsex.net\/wp\/wp-content\/uploads\/2020\/03\/5B44D2A7-2D32-4C38-A3E6-7655AEB48FF7-1024x877.jpeg\" alt=\"\" class=\"wp-image-1930\" width=\"292\" height=\"250\" srcset=\"https:\/\/fiolsex.net\/wp\/wp-content\/uploads\/2020\/03\/5B44D2A7-2D32-4C38-A3E6-7655AEB48FF7-1024x877.jpeg 1024w, https:\/\/fiolsex.net\/wp\/wp-content\/uploads\/2020\/03\/5B44D2A7-2D32-4C38-A3E6-7655AEB48FF7-300x257.jpeg 300w, https:\/\/fiolsex.net\/wp\/wp-content\/uploads\/2020\/03\/5B44D2A7-2D32-4C38-A3E6-7655AEB48FF7-768x658.jpeg 768w, https:\/\/fiolsex.net\/wp\/wp-content\/uploads\/2020\/03\/5B44D2A7-2D32-4C38-A3E6-7655AEB48FF7-1536x1316.jpeg 1536w, https:\/\/fiolsex.net\/wp\/wp-content\/uploads\/2020\/03\/5B44D2A7-2D32-4C38-A3E6-7655AEB48FF7-1200x1028.jpeg 1200w, https:\/\/fiolsex.net\/wp\/wp-content\/uploads\/2020\/03\/5B44D2A7-2D32-4C38-A3E6-7655AEB48FF7.jpeg 1763w\" sizes=\"auto, (max-width: 292px) 85vw, 292px\" \/><\/figure><\/div>\n\n\n\n<p>Fiolsex drives p\u00e5 privat initiativ med private ressurser og uten reklameinntekter. Vi har det bra og f\u00f8ler oss privilegerte. Derfor \u00f8nsker vi \u00e5 gi noe videre. <\/p>\n\n\n\n<p>Hvis du vil st\u00f8tte oss, st\u00f8tt noen som virkelig trenger det.<\/p>\n\n\n\n<!--more-->\n\n\n\n<p>Det er mange m\u00e5ter \u00e5 gi det videre, f.eks.<\/p>\n\n\n\n<ul class=\"wp-block-list\"><li>Ta vare p\u00e5 din kj\u00e6re<\/li><li>Gi et smil eller klem til en som trenger det<\/li><li>Hjelp noen med et prosjekt de ikke klarer p\u00e5 egen h\u00e5nd<\/li><li>Delta i frivillig arbeid<\/li><li>Gi penger til et godt form\u00e5l<\/li><\/ul>\n\n\n\n<p>Her er noen prosjekter som Fiolparet har tro p\u00e5:<\/p>\n\n\n\t\t<div class=\"wppsac-wrap wppsac-slick-slider-wrp wppsac-clearfix \" data-conf=\"{&quot;dots&quot;:&quot;false&quot;,&quot;arrows&quot;:&quot;true&quot;,&quot;autoplay&quot;:&quot;false&quot;,&quot;autoplay_interval&quot;:3000,&quot;speed&quot;:500,&quot;rtl&quot;:&quot;false&quot;,&quot;lazyload&quot;:&quot;&quot;}\">\r\n\t\t\t<div id=\"wppsac-post-slider-1\" class=\"wppsac-post-slider-init wppsac-post-slider design-4\">\r\n\t\t\t\t<div class=\"wppsac-post-slides\">\r\n\t<div class=\"wppsac-post-list\">\r\n\t\t<div class=\"wppsac-post-list-content\">\r\n\t\t\t\t\t\t<div class=\"wp-medium-5 wpcolumns\">\r\n\t\t\t\t<div class=\"wppsac-post-image-bg\">\r\n\t\t\t\t\t<a href=\"https:\/\/fiolsex.net\/wp\/?p=20846\">\r\n\t\t\t\t\t\t<img decoding=\"async\" class=\"wppsac-post-image\"  src=\"https:\/\/fiolsex.net\/wp\/wp-content\/uploads\/2021\/07\/98C0B344-B3AA-4EF9-9653-61D27B0E2D1F.jpeg\" alt=\"Menneskehandel i Norge\" \/>\r\n\t\t\t\t\t<\/a>\r\n\t\t\t\t<\/div>\r\n\t\t\t<\/div>\r\n\t\t\t\r\n\t\t\t<div class=\" wp-medium-7  wpcolumns\">\r\n\t\t\t\t\r\n\t\t\t\t<h2 class=\"wppsac-post-title\">\r\n\t\t\t\t\t<a href=\"https:\/\/fiolsex.net\/wp\/?p=20846\">Menneskehandel i Norge<\/a>\r\n\t\t\t\t<\/h2>\r\n\r\n\t\t\t\t\t\t\t\t<div class=\"wppsac-post-content\">\r\n\t\t\t\t\t<div class=\"wppsac-sub-content\">Vi liker ikke at det skjer. Vi vil helst ikke tro det. Men menneskehandel skjer ogs\u00e5 i Norge. ROSA ble...<\/div>\r\n\r\n\t\t\t\t\t\t\t\t\t\t<a class=\"wppsac-readmorebtn\" href=\"https:\/\/fiolsex.net\/wp\/?p=20846\">Les mer<\/a>\r\n\t\t\t\t\t\t\t\t\t<\/div>\r\n\t\t\t\t\t\t\t<\/div>\r\n\t\t<\/div>\r\n\t<\/div>\r\n<\/div><div class=\"wppsac-post-slides\">\r\n\t<div class=\"wppsac-post-list\">\r\n\t\t<div class=\"wppsac-post-list-content\">\r\n\t\t\t\t\t\t<div class=\"wp-medium-5 wpcolumns\">\r\n\t\t\t\t<div class=\"wppsac-post-image-bg\">\r\n\t\t\t\t\t<a href=\"https:\/\/fiolsex.net\/wp\/?p=18519\">\r\n\t\t\t\t\t\t<img decoding=\"async\" class=\"wppsac-post-image\"  src=\"https:\/\/fiolsex.net\/wp\/wp-content\/uploads\/2021\/06\/ADD3251F-E527-42C3-965E-F51F1AC72F0A.jpeg\" alt=\"Barneprostitusjon og barnepornografi\" \/>\r\n\t\t\t\t\t<\/a>\r\n\t\t\t\t<\/div>\r\n\t\t\t<\/div>\r\n\t\t\t\r\n\t\t\t<div class=\" wp-medium-7  wpcolumns\">\r\n\t\t\t\t\r\n\t\t\t\t<h2 class=\"wppsac-post-title\">\r\n\t\t\t\t\t<a href=\"https:\/\/fiolsex.net\/wp\/?p=18519\">Barneprostitusjon og barnepornografi<\/a>\r\n\t\t\t\t<\/h2>\r\n\r\n\t\t\t\t\t\t\t\t<div class=\"wppsac-post-content\">\r\n\t\t\t\t\t<div class=\"wppsac-sub-content\">Jeg blir kvalm bare av ordene. Men dette er hverdagen for alt for mange barn verden over. St\u00f8tt UNICEF! (mer&hellip;)<\/div>\r\n\r\n\t\t\t\t\t\t\t\t\t\t<a class=\"wppsac-readmorebtn\" href=\"https:\/\/fiolsex.net\/wp\/?p=18519\">Les mer<\/a>\r\n\t\t\t\t\t\t\t\t\t<\/div>\r\n\t\t\t\t\t\t\t<\/div>\r\n\t\t<\/div>\r\n\t<\/div>\r\n<\/div><div class=\"wppsac-post-slides\">\r\n\t<div class=\"wppsac-post-list\">\r\n\t\t<div class=\"wppsac-post-list-content\">\r\n\t\t\t\t\t\t<div class=\"wp-medium-5 wpcolumns\">\r\n\t\t\t\t<div class=\"wppsac-post-image-bg\">\r\n\t\t\t\t\t<a href=\"https:\/\/fiolsex.net\/wp\/?p=18506\">\r\n\t\t\t\t\t\t<img decoding=\"async\" class=\"wppsac-post-image\"  src=\"https:\/\/fiolsex.net\/wp\/wp-content\/uploads\/2021\/06\/B60942DC-8151-41EB-B117-1FEB4914968D.jpeg\" alt=\"Mensen hindrer skolegang\" \/>\r\n\t\t\t\t\t<\/a>\r\n\t\t\t\t<\/div>\r\n\t\t\t<\/div>\r\n\t\t\t\r\n\t\t\t<div class=\" wp-medium-7  wpcolumns\">\r\n\t\t\t\t\r\n\t\t\t\t<h2 class=\"wppsac-post-title\">\r\n\t\t\t\t\t<a href=\"https:\/\/fiolsex.net\/wp\/?p=18506\">Mensen hindrer skolegang<\/a>\r\n\t\t\t\t<\/h2>\r\n\r\n\t\t\t\t\t\t\t\t<div class=\"wppsac-post-content\">\r\n\t\t\t\t\t<div class=\"wppsac-sub-content\">Jenter mister skolegang, trakasseres og ekskluderes n\u00e5r de f\u00e5r mensen. St\u00f8tt UNICEF med \u00e5 skaffe vaskbare bind til disse jentene....<\/div>\r\n\r\n\t\t\t\t\t\t\t\t\t\t<a class=\"wppsac-readmorebtn\" href=\"https:\/\/fiolsex.net\/wp\/?p=18506\">Les mer<\/a>\r\n\t\t\t\t\t\t\t\t\t<\/div>\r\n\t\t\t\t\t\t\t<\/div>\r\n\t\t<\/div>\r\n\t<\/div>\r\n<\/div>\t\t\t<\/div>\r\n\t\t<\/div>\r\n\t\n\n\n\n<p>Gi det videre!<\/p>\n\n\n\n<p class=\"has-text-align-center\"><mark style=\"background-color:rgba(0, 0, 0, 0);color:#8224e3\" class=\"has-inline-color\">\u2022 \u2022 \u2022 \u2022<\/mark> \ud83d\udc9c <mark style=\"background-color:rgba(0, 0, 0, 0);color:#8224e3\" class=\"has-inline-color\">\u2022 \u2022 \u2022 \u2022<\/mark><\/p>\n","protected":false},"excerpt":{"rendered":"<p>Fiolsex drives p\u00e5 privat initiativ med private ressurser og uten reklameinntekter. Vi har det bra og f\u00f8ler oss privilegerte. Derfor \u00f8nsker vi \u00e5 gi noe videre. Hvis du vil st\u00f8tte oss, st\u00f8tt noen som virkelig trenger det.<\/p>\n","protected":false},"author":1,"featured_media":1930,"parent":7,"menu_order":0,"comment_status":"open","ping_status":"closed","template":"","meta":{"yasr_overall_rating":0,"yasr_post_is_review":"","yasr_auto_insert_disabled":"","yasr_review_type":"","footnotes":""},"class_list":["post-18603","page","type-page","status-publish","has-post-thumbnail","hentry"],"yasr_visitor_votes":{"stars_attributes":{"read_only":false,"span_bottom":false},"number_of_votes":0,"sum_votes":0},"_links":{"self":[{"href":"https:\/\/fiolsex.net\/wp\/index.php?rest_route=\/wp\/v2\/pages\/18603","targetHints":{"allow":["GET"]}}],"collection":[{"href":"https:\/\/fiolsex.net\/wp\/index.php?rest_route=\/wp\/v2\/pages"}],"about":[{"href":"https:\/\/fiolsex.net\/wp\/index.php?rest_route=\/wp\/v2\/types\/page"}],"author":[{"embeddable":true,"href":"https:\/\/fiolsex.net\/wp\/index.php?rest_route=\/wp\/v2\/users\/1"}],"replies":[{"embeddable":true,"href":"https:\/\/fiolsex.net\/wp\/index.php?rest_route=%2Fwp%2Fv2%2Fcomments&post=18603"}],"version-history":[{"count":2,"href":"https:\/\/fiolsex.net\/wp\/index.php?rest_route=\/wp\/v2\/pages\/18603\/revisions"}],"predecessor-version":[{"id":18694,"href":"https:\/\/fiolsex.net\/wp\/index.php?rest_route=\/wp\/v2\/pages\/18603\/revisions\/18694"}],"up":[{"embeddable":true,"href":"https:\/\/fiolsex.net\/wp\/index.php?rest_route=\/wp\/v2\/pages\/7"}],"wp:featuredmedia":[{"embeddable":true,"href":"https:\/\/fiolsex.net\/wp\/index.php?rest_route=\/wp\/v2\/media\/1930"}],"wp:attachment":[{"href":"https:\/\/fiolsex.net\/wp\/index.php?rest_route=%2Fwp%2Fv2%2Fmedia&parent=18603"}],"curies":[{"name":"wp","href":"https:\/\/api.w.org\/{rel}","templated":true}]}}