{"id":2005,"date":"2020-02-11T10:01:05","date_gmt":"2020-02-11T10:01:05","guid":{"rendered":"https:\/\/fiolsex.net\/wp\/?page_id=2005"},"modified":"2021-04-03T19:20:06","modified_gmt":"2021-04-03T17:20:06","slug":"tegningene","status":"publish","type":"page","link":"https:\/\/fiolsex.net\/wp\/?page_id=2005","title":{"rendered":"Om tegningene"},"content":{"rendered":"\n<div class=\"wp-block-image\"><figure class=\"aligncenter size-medium\"><img loading=\"lazy\" decoding=\"async\" width=\"300\" height=\"266\" src=\"https:\/\/fiolsex.net\/wp\/wp-content\/uploads\/2020\/01\/03593E07-F80F-4C77-A253-86E480EFCDF6-300x266.jpeg\" alt=\"\" class=\"wp-image-1326\" srcset=\"https:\/\/fiolsex.net\/wp\/wp-content\/uploads\/2020\/01\/03593E07-F80F-4C77-A253-86E480EFCDF6-300x266.jpeg 300w, https:\/\/fiolsex.net\/wp\/wp-content\/uploads\/2020\/01\/03593E07-F80F-4C77-A253-86E480EFCDF6-1024x910.jpeg 1024w, https:\/\/fiolsex.net\/wp\/wp-content\/uploads\/2020\/01\/03593E07-F80F-4C77-A253-86E480EFCDF6-768x682.jpeg 768w, https:\/\/fiolsex.net\/wp\/wp-content\/uploads\/2020\/01\/03593E07-F80F-4C77-A253-86E480EFCDF6-1200x1066.jpeg 1200w, https:\/\/fiolsex.net\/wp\/wp-content\/uploads\/2020\/01\/03593E07-F80F-4C77-A253-86E480EFCDF6.jpeg 1262w\" sizes=\"auto, (max-width: 300px) 85vw, 300px\" \/><\/figure><\/div>\n\n\n\n<p>Tegningene p\u00e5 denne nettsiden har Fioljenta laget selv. M\u00e5let er at de skal formidle varme og ekthet uten \u00e5 v\u00e6re p\u00e5trengende.<\/p>\n\n\n\n<p>Noen av tegningene er vanskeligere \u00e5 lage enn andre. Noen er veldig detaljrike mens andre er bortimot slurvete. Akkurat som alt annet i livet. Det trenger ikke v\u00e6re perfekt for \u00e5 fortelle en historie.<\/p>\n\n\n\n<p>Stort sett er tegningene av noe n\u00f8ytralt, f.eks. blomster, i stedet for av mennesker. Unntaket er stillinger. Det ble rett og slett h\u00e5pl\u00f8st vanskelig \u00e5 illustrere stillinger med noe annet enn mennesker. Likevel er h\u00e5pet at de er s\u00e5pass n\u00f8ytrale at du kan se deg selv og partneren din i tegningene.<\/p>\n\n\n\n<p>I noen tilfeller er tegningene inspirert av bilder funnet p\u00e5 nettet. S\u00e6rlig illustrasjonene av kroppen.<\/p>\n\n\n\n<p>Hvis du synes noen av tegningene er st\u00f8tende, s\u00e5 v\u00e6r s\u00e5 snill og si i fra enten i kommentarfeltet eller send en <a href=\"mailto:Fioljenta@fiolsex.net\">e-post<\/a>. Da virker de mot sin hensikt.<\/p>\n\n\n\n<p class=\"has-text-align-center\"><mark style=\"background-color:rgba(0, 0, 0, 0);color:#8224e3\" class=\"has-inline-color\">\u2022 \u2022 \u2022 \u2022<\/mark> \ud83d\udc9c <mark style=\"background-color:rgba(0, 0, 0, 0);color:#8224e3\" class=\"has-inline-color\">\u2022 \u2022 \u2022 \u2022<\/mark><\/p>\n\n\n\n<p><\/p>\n","protected":false},"excerpt":{"rendered":"<p>Tegningene p\u00e5 denne nettsiden har Fioljenta laget selv. M\u00e5let er at de skal formidle varme og ekthet uten \u00e5 v\u00e6re p\u00e5trengende. Noen av tegningene er vanskeligere \u00e5 lage enn andre. Noen er veldig detaljrike mens andre er bortimot slurvete. Akkurat som alt annet i livet. Det trenger ikke v\u00e6re perfekt for \u00e5 fortelle en historie. &hellip; <a href=\"https:\/\/fiolsex.net\/wp\/?page_id=2005\" class=\"more-link\">Fortsett \u00e5 lese<span class=\"screen-reader-text\"> \u00abOm tegningene\u00bb<\/span><\/a><\/p>\n","protected":false},"author":1,"featured_media":1326,"parent":7,"menu_order":0,"comment_status":"open","ping_status":"closed","template":"","meta":{"yasr_overall_rating":0,"yasr_post_is_review":"","yasr_auto_insert_disabled":"","yasr_review_type":"","footnotes":""},"class_list":["post-2005","page","type-page","status-publish","has-post-thumbnail","hentry"],"yasr_visitor_votes":{"stars_attributes":{"read_only":false,"span_bottom":false},"number_of_votes":0,"sum_votes":0},"_links":{"self":[{"href":"https:\/\/fiolsex.net\/wp\/index.php?rest_route=\/wp\/v2\/pages\/2005","targetHints":{"allow":["GET"]}}],"collection":[{"href":"https:\/\/fiolsex.net\/wp\/index.php?rest_route=\/wp\/v2\/pages"}],"about":[{"href":"https:\/\/fiolsex.net\/wp\/index.php?rest_route=\/wp\/v2\/types\/page"}],"author":[{"embeddable":true,"href":"https:\/\/fiolsex.net\/wp\/index.php?rest_route=\/wp\/v2\/users\/1"}],"replies":[{"embeddable":true,"href":"https:\/\/fiolsex.net\/wp\/index.php?rest_route=%2Fwp%2Fv2%2Fcomments&post=2005"}],"version-history":[{"count":5,"href":"https:\/\/fiolsex.net\/wp\/index.php?rest_route=\/wp\/v2\/pages\/2005\/revisions"}],"predecessor-version":[{"id":6561,"href":"https:\/\/fiolsex.net\/wp\/index.php?rest_route=\/wp\/v2\/pages\/2005\/revisions\/6561"}],"up":[{"embeddable":true,"href":"https:\/\/fiolsex.net\/wp\/index.php?rest_route=\/wp\/v2\/pages\/7"}],"wp:featuredmedia":[{"embeddable":true,"href":"https:\/\/fiolsex.net\/wp\/index.php?rest_route=\/wp\/v2\/media\/1326"}],"wp:attachment":[{"href":"https:\/\/fiolsex.net\/wp\/index.php?rest_route=%2Fwp%2Fv2%2Fmedia&parent=2005"}],"curies":[{"name":"wp","href":"https:\/\/api.w.org\/{rel}","templated":true}]}}