{"id":2021,"date":"2020-02-12T20:12:09","date_gmt":"2020-02-12T20:12:09","guid":{"rendered":"https:\/\/fiolsex.net\/wp\/?page_id=2021"},"modified":"2021-04-03T19:20:45","modified_gmt":"2021-04-03T17:20:45","slug":"om-fiolparet","status":"publish","type":"page","link":"https:\/\/fiolsex.net\/wp\/?page_id=2021","title":{"rendered":"Om Fiolparet"},"content":{"rendered":"\n<div class=\"wp-block-image\"><figure class=\"aligncenter size-medium\"><img loading=\"lazy\" decoding=\"async\" width=\"300\" height=\"186\" src=\"https:\/\/fiolsex.net\/wp\/wp-content\/uploads\/2020\/01\/A072E14F-4942-404E-BFC7-5A56BA2A87B4-300x186.jpeg\" alt=\"\" class=\"wp-image-1275\" srcset=\"https:\/\/fiolsex.net\/wp\/wp-content\/uploads\/2020\/01\/A072E14F-4942-404E-BFC7-5A56BA2A87B4-300x186.jpeg 300w, https:\/\/fiolsex.net\/wp\/wp-content\/uploads\/2020\/01\/A072E14F-4942-404E-BFC7-5A56BA2A87B4-1024x635.jpeg 1024w, https:\/\/fiolsex.net\/wp\/wp-content\/uploads\/2020\/01\/A072E14F-4942-404E-BFC7-5A56BA2A87B4-768x477.jpeg 768w, https:\/\/fiolsex.net\/wp\/wp-content\/uploads\/2020\/01\/A072E14F-4942-404E-BFC7-5A56BA2A87B4-1536x953.jpeg 1536w, https:\/\/fiolsex.net\/wp\/wp-content\/uploads\/2020\/01\/A072E14F-4942-404E-BFC7-5A56BA2A87B4-1200x745.jpeg 1200w, https:\/\/fiolsex.net\/wp\/wp-content\/uploads\/2020\/01\/A072E14F-4942-404E-BFC7-5A56BA2A87B4.jpeg 1729w\" sizes=\"auto, (max-width: 300px) 85vw, 300px\" \/><\/figure><\/div>\n\n\n\n<p>Fiolparet er egentlig et helt vanlig ektepar. Et par du kanskje har g\u00e5tt forbi p\u00e5 gata. Kanskje g\u00e5r de h\u00e5nd i h\u00e5nd, kanskje er de sure p\u00e5 hverandre, kanskje har de hendene fulle av poser og barn eller kanskje de springer rundt hver for seg travelt opptatt med dagens gj\u00f8rem\u00e5l.<\/p>\n\n\n\n<p>Begge er opptatt av at forholdet deres skal fungere. Selv om de har b\u00e5de oppturer og nedturer som alle andre par, er de fast bestemt p\u00e5 \u00e5 finne tilbake til hverandre n\u00e5r det g\u00e5r litt tr\u00e5tt. I perioder kan de v\u00e6re mer kollegaer enn elskere, men de har skj\u00f8nt verdien av \u00e5 satse p\u00e5 hverandre og gi plass til kj\u00e6rligheten.<\/p>\n\n\n\n<p>Selv om det er hun som driver dette nettstedet, er han med p\u00e5 sidelinjen. Han leser alle innleggene f\u00f8r de publiseres, bidrar med ideer og stiller opp som testperson n\u00e5r hun har funnet noe hun vil de skal teste.<\/p>\n\n\n\n<p>De fant hverandre da de var ganske unge og m\u00e5let er \u00e5 bli gamle sammen. Underveis p\u00e5 ferden \u00f8nsker de \u00e5 oppmuntre b\u00e5de seg selv og andre til \u00e5 holde liv i kj\u00e6rligheten. Et forhold krever innsats. Og de tror det er verd innsatsen.<\/p>\n\n\n\n<p class=\"has-text-align-center\"><mark style=\"background-color:rgba(0, 0, 0, 0);color:#8224e3\" class=\"has-inline-color\">\u2022 \u2022 \u2022 \u2022<\/mark> \ud83d\udc9c <mark style=\"background-color:rgba(0, 0, 0, 0);color:#8224e3\" class=\"has-inline-color\">\u2022 \u2022 \u2022 \u2022<\/mark><\/p>\n","protected":false},"excerpt":{"rendered":"<p>Fiolparet er egentlig et helt vanlig ektepar. Et par du kanskje har g\u00e5tt forbi p\u00e5 gata. Kanskje g\u00e5r de h\u00e5nd i h\u00e5nd, kanskje er de sure p\u00e5 hverandre, kanskje har de hendene fulle av poser og barn eller kanskje de springer rundt hver for seg travelt opptatt med dagens gj\u00f8rem\u00e5l. Begge er opptatt av at &hellip; <a href=\"https:\/\/fiolsex.net\/wp\/?page_id=2021\" class=\"more-link\">Fortsett \u00e5 lese<span class=\"screen-reader-text\"> \u00abOm Fiolparet\u00bb<\/span><\/a><\/p>\n","protected":false},"author":1,"featured_media":1275,"parent":7,"menu_order":0,"comment_status":"open","ping_status":"closed","template":"","meta":{"yasr_overall_rating":0,"yasr_post_is_review":"","yasr_auto_insert_disabled":"","yasr_review_type":"","footnotes":""},"class_list":["post-2021","page","type-page","status-publish","has-post-thumbnail","hentry"],"yasr_visitor_votes":{"stars_attributes":{"read_only":false,"span_bottom":false},"number_of_votes":0,"sum_votes":0},"_links":{"self":[{"href":"https:\/\/fiolsex.net\/wp\/index.php?rest_route=\/wp\/v2\/pages\/2021","targetHints":{"allow":["GET"]}}],"collection":[{"href":"https:\/\/fiolsex.net\/wp\/index.php?rest_route=\/wp\/v2\/pages"}],"about":[{"href":"https:\/\/fiolsex.net\/wp\/index.php?rest_route=\/wp\/v2\/types\/page"}],"author":[{"embeddable":true,"href":"https:\/\/fiolsex.net\/wp\/index.php?rest_route=\/wp\/v2\/users\/1"}],"replies":[{"embeddable":true,"href":"https:\/\/fiolsex.net\/wp\/index.php?rest_route=%2Fwp%2Fv2%2Fcomments&post=2021"}],"version-history":[{"count":4,"href":"https:\/\/fiolsex.net\/wp\/index.php?rest_route=\/wp\/v2\/pages\/2021\/revisions"}],"predecessor-version":[{"id":7724,"href":"https:\/\/fiolsex.net\/wp\/index.php?rest_route=\/wp\/v2\/pages\/2021\/revisions\/7724"}],"up":[{"embeddable":true,"href":"https:\/\/fiolsex.net\/wp\/index.php?rest_route=\/wp\/v2\/pages\/7"}],"wp:featuredmedia":[{"embeddable":true,"href":"https:\/\/fiolsex.net\/wp\/index.php?rest_route=\/wp\/v2\/media\/1275"}],"wp:attachment":[{"href":"https:\/\/fiolsex.net\/wp\/index.php?rest_route=%2Fwp%2Fv2%2Fmedia&parent=2021"}],"curies":[{"name":"wp","href":"https:\/\/api.w.org\/{rel}","templated":true}]}}