{"id":2062,"date":"2020-02-16T10:41:56","date_gmt":"2020-02-16T10:41:56","guid":{"rendered":"https:\/\/fiolsex.net\/wp\/?page_id=2062"},"modified":"2021-04-03T19:20:38","modified_gmt":"2021-04-03T17:20:38","slug":"om-dere-som-leser","status":"publish","type":"page","link":"https:\/\/fiolsex.net\/wp\/?page_id=2062","title":{"rendered":"Om dere som leser"},"content":{"rendered":"\n<div class=\"wp-block-image\"><figure class=\"aligncenter size-medium\"><img loading=\"lazy\" decoding=\"async\" width=\"300\" height=\"260\" src=\"https:\/\/fiolsex.net\/wp\/wp-content\/uploads\/2020\/01\/4F60CE17-8797-41C8-81F2-75CB8904D8A4-300x260.jpeg\" alt=\"\" class=\"wp-image-178\" srcset=\"https:\/\/fiolsex.net\/wp\/wp-content\/uploads\/2020\/01\/4F60CE17-8797-41C8-81F2-75CB8904D8A4-300x260.jpeg 300w, https:\/\/fiolsex.net\/wp\/wp-content\/uploads\/2020\/01\/4F60CE17-8797-41C8-81F2-75CB8904D8A4-1024x888.jpeg 1024w, https:\/\/fiolsex.net\/wp\/wp-content\/uploads\/2020\/01\/4F60CE17-8797-41C8-81F2-75CB8904D8A4-768x666.jpeg 768w, https:\/\/fiolsex.net\/wp\/wp-content\/uploads\/2020\/01\/4F60CE17-8797-41C8-81F2-75CB8904D8A4-1200x1041.jpeg 1200w, https:\/\/fiolsex.net\/wp\/wp-content\/uploads\/2020\/01\/4F60CE17-8797-41C8-81F2-75CB8904D8A4.jpeg 1314w\" sizes=\"auto, (max-width: 300px) 85vw, 300px\" \/><\/figure><\/div>\n\n\n\n<p>Fiolsex er f\u00f8rst og frem for par som har v\u00e6rt sammen lenge og \u00f8nsker \u00e5 utvide mulighetsrommet. <\/p>\n\n\n\n<p>Dere kan enten lese sammen eller hver for dere i s\u00f8ken etter nye ideer. Bruk gjerne ideene dere finner som utgangspunkt for gode samtaler slik at dere finner det som passer for dere.<\/p>\n\n\n\n<p>Det er s\u00e5 utrolig mye som er mulig. Likevel er det ikke meningen at dere skal pr\u00f8ve mest mulig p\u00e5 kortest mulig tid. Ta dere god tid til \u00e5 teste, leke og glede hverandre. Det er nemlig noe av sjarmen i langvarige forhold.<\/p>\n\n\n\n<p>Heldigvis er vi forskjellige. I langvarige forhold har vi tid og mulighet til \u00e5 bli eksperter p\u00e5 hverandre. Grip den sjansen og plei den. Ikke kast alt overbord n\u00e5r livet g\u00e5r tr\u00e5tt. Dere er jo sammen om \u00e5 takle hverdagen.<\/p>\n\n\n\n<p>Selv om ferske par kan finne mye interessant her, s\u00e5 st\u00e5r det lite her om \u00e5 finne hverandre, prevensjon og andre ting som ferske par m\u00e5 ta stilling til for \u00e5 kunne nyte elskoven. Her er det andre nettsider som er mye bedre.<\/p>\n\n\n\n<p class=\"has-text-align-center\"><mark style=\"background-color:rgba(0, 0, 0, 0);color:#8224e3\" class=\"has-inline-color\">\u2022 \u2022 \u2022 \u2022<\/mark> \ud83d\udc9c <mark style=\"background-color:rgba(0, 0, 0, 0);color:#8224e3\" class=\"has-inline-color\">\u2022 \u2022 \u2022 \u2022<\/mark><\/p>\n","protected":false},"excerpt":{"rendered":"<p>Fiolsex er f\u00f8rst og frem for par som har v\u00e6rt sammen lenge og \u00f8nsker \u00e5 utvide mulighetsrommet. Dere kan enten lese sammen eller hver for dere i s\u00f8ken etter nye ideer. Bruk gjerne ideene dere finner som utgangspunkt for gode samtaler slik at dere finner det som passer for dere. Det er s\u00e5 utrolig mye &hellip; <a href=\"https:\/\/fiolsex.net\/wp\/?page_id=2062\" class=\"more-link\">Fortsett \u00e5 lese<span class=\"screen-reader-text\"> \u00abOm dere som leser\u00bb<\/span><\/a><\/p>\n","protected":false},"author":1,"featured_media":178,"parent":7,"menu_order":0,"comment_status":"open","ping_status":"closed","template":"","meta":{"yasr_overall_rating":0,"yasr_post_is_review":"","yasr_auto_insert_disabled":"","yasr_review_type":"","footnotes":""},"class_list":["post-2062","page","type-page","status-publish","has-post-thumbnail","hentry"],"yasr_visitor_votes":{"stars_attributes":{"read_only":false,"span_bottom":false},"number_of_votes":0,"sum_votes":0},"_links":{"self":[{"href":"https:\/\/fiolsex.net\/wp\/index.php?rest_route=\/wp\/v2\/pages\/2062","targetHints":{"allow":["GET"]}}],"collection":[{"href":"https:\/\/fiolsex.net\/wp\/index.php?rest_route=\/wp\/v2\/pages"}],"about":[{"href":"https:\/\/fiolsex.net\/wp\/index.php?rest_route=\/wp\/v2\/types\/page"}],"author":[{"embeddable":true,"href":"https:\/\/fiolsex.net\/wp\/index.php?rest_route=\/wp\/v2\/users\/1"}],"replies":[{"embeddable":true,"href":"https:\/\/fiolsex.net\/wp\/index.php?rest_route=%2Fwp%2Fv2%2Fcomments&post=2062"}],"version-history":[{"count":4,"href":"https:\/\/fiolsex.net\/wp\/index.php?rest_route=\/wp\/v2\/pages\/2062\/revisions"}],"predecessor-version":[{"id":6562,"href":"https:\/\/fiolsex.net\/wp\/index.php?rest_route=\/wp\/v2\/pages\/2062\/revisions\/6562"}],"up":[{"embeddable":true,"href":"https:\/\/fiolsex.net\/wp\/index.php?rest_route=\/wp\/v2\/pages\/7"}],"wp:featuredmedia":[{"embeddable":true,"href":"https:\/\/fiolsex.net\/wp\/index.php?rest_route=\/wp\/v2\/media\/178"}],"wp:attachment":[{"href":"https:\/\/fiolsex.net\/wp\/index.php?rest_route=%2Fwp%2Fv2%2Fmedia&parent=2062"}],"curies":[{"name":"wp","href":"https:\/\/api.w.org\/{rel}","templated":true}]}}